{"id":14,"date":"2026-04-29T06:05:39","date_gmt":"2026-04-29T06:05:39","guid":{"rendered":"https:\/\/pilates.webtastic.hu\/?page_id=14"},"modified":"2026-04-29T08:32:54","modified_gmt":"2026-04-29T08:32:54","slug":"kezdooldal","status":"publish","type":"page","link":"https:\/\/pilates.webtastic.hu\/","title":{"rendered":"Kezd\u0151oldal"},"content":{"rendered":"\t\t<div data-elementor-type=\"wp-page\" data-elementor-id=\"14\" class=\"elementor elementor-14\" data-elementor-post-type=\"page\">\n\t\t\t\t<div data-dce-background-overlay-color=\"#FFFFFF\" data-dce-background-image-url=\"https:\/\/pilates.webtastic.hu\/wp-content\/uploads\/2026\/04\/Gepes-pilates-Budapesten-\u2013-szemelyre-szabott-szakmai-alapokon.webp\" class=\"elementor-element elementor-element-d64217a elementor-hidden-tablet elementor-hidden-mobile e-flex e-con-boxed e-con e-parent\" data-id=\"d64217a\" data-element_type=\"container\" data-e-type=\"container\" data-settings=\"{&quot;background_background&quot;:&quot;classic&quot;}\">\n\t\t\t\t\t<div class=\"e-con-inner\">\n\t\t<div class=\"elementor-element elementor-element-aa44e38 e-con-full e-flex e-con e-child\" data-id=\"aa44e38\" data-element_type=\"container\" data-e-type=\"container\">\n\t\t\t\t<div data-dce-title-color=\"#5AD9B0\" class=\"elementor-element elementor-element-cb2becb elementor-widget elementor-widget-heading\" data-id=\"cb2becb\" data-element_type=\"widget\" data-e-type=\"widget\" data-widget_type=\"heading.default\">\n\t\t\t\t\t<p class=\"elementor-heading-title elementor-size-default\">Szem\u00e9lyre szabott figyelem<\/p>\t\t\t\t<\/div>\n\t\t\t\t<div class=\"elementor-element elementor-element-0a74ee1 elementor-widget elementor-widget-heading\" data-id=\"0a74ee1\" data-element_type=\"widget\" data-e-type=\"widget\" data-widget_type=\"heading.default\">\n\t\t\t\t\t<h1 class=\"elementor-heading-title elementor-size-default\">G\u00e9pes pilates \u00f3r\u00e1k Budapesten<\/h1>\t\t\t\t<\/div>\n\t\t\t\t<div class=\"elementor-element elementor-element-3b30521 elementor-widget elementor-widget-text-editor\" data-id=\"3b30521\" data-element_type=\"widget\" data-e-type=\"widget\" data-widget_type=\"text-editor.default\">\n\t\t\t\t\t\t\t\t\t<p>Orvosi szeml\u00e9lettel, nemzetk\u00f6zi STOTT PILATES\u00ae m\u00f3dszerrel seg\u00edt\u00fcnk, hogy f\u00e1jdalom n\u00e9lk\u00fcl, biztons\u00e1gosan mozogj.<\/p>\t\t\t\t\t\t\t\t<\/div>\n\t\t<div class=\"elementor-element elementor-element-d0ad274 e-con-full e-flex e-con e-child\" data-id=\"d0ad274\" data-element_type=\"container\" data-e-type=\"container\">\n\t\t\t\t<div class=\"elementor-element elementor-element-69492c9 elementor-widget elementor-widget-button\" data-id=\"69492c9\" data-element_type=\"widget\" data-e-type=\"widget\" data-widget_type=\"button.default\">\n\t\t\t\t\t\t\t\t\t\t<a class=\"elementor-button elementor-button-link elementor-size-sm\" href=\"#\">\n\t\t\t\t\t\t<span class=\"elementor-button-content-wrapper\">\n\t\t\t\t\t\t\t\t\t<span class=\"elementor-button-text\">Id\u0151pontot foglalok<\/span>\n\t\t\t\t\t<\/span>\n\t\t\t\t\t<\/a>\n\t\t\t\t\t\t\t\t<\/div>\n\t\t\t\t<div class=\"elementor-element elementor-element-5c70610 elementor-widget elementor-widget-button\" data-id=\"5c70610\" data-element_type=\"widget\" data-e-type=\"widget\" data-widget_type=\"button.default\">\n\t\t\t\t\t\t\t\t\t\t<a class=\"elementor-button elementor-button-link elementor-size-sm\" href=\"#\">\n\t\t\t\t\t\t<span class=\"elementor-button-content-wrapper\">\n\t\t\t\t\t\t\t\t\t<span class=\"elementor-button-text\">\u00d3rat\u00edpusok<\/span>\n\t\t\t\t\t<\/span>\n\t\t\t\t\t<\/a>\n\t\t\t\t\t\t\t\t<\/div>\n\t\t\t\t<\/div>\n\t\t\t\t<\/div>\n\t\t<div class=\"elementor-element elementor-element-d2d927e e-con-full e-flex e-con e-child\" data-id=\"d2d927e\" data-element_type=\"container\" data-e-type=\"container\">\n\t\t\t\t<div data-dce-advanced-background-color=\"#F58B85\" class=\"elementor-element elementor-element-7234fae elementor-widget__width-auto elementor-absolute elementor-widget elementor-widget-heading\" data-id=\"7234fae\" data-element_type=\"widget\" data-e-type=\"widget\" data-settings=\"{&quot;_position&quot;:&quot;absolute&quot;}\" data-widget_type=\"heading.default\">\n\t\t\t\t\t<span class=\"elementor-heading-title elementor-size-default\">Egy\u00e9ni \u00f3r\u00e1k<\/span>\t\t\t\t<\/div>\n\t\t\t\t<div data-dce-advanced-background-color=\"#F58B85\" class=\"elementor-element elementor-element-776f87b elementor-widget__width-auto elementor-absolute elementor-widget elementor-widget-heading\" data-id=\"776f87b\" data-element_type=\"widget\" data-e-type=\"widget\" data-settings=\"{&quot;_position&quot;:&quot;absolute&quot;}\" data-widget_type=\"heading.default\">\n\t\t\t\t\t<span class=\"elementor-heading-title elementor-size-default\">Csoportos \u00f3r\u00e1k<\/span>\t\t\t\t<\/div>\n\t\t\t\t<div data-dce-advanced-background-color=\"#F58B85\" class=\"elementor-element elementor-element-2d73e35 elementor-widget__width-auto elementor-absolute elementor-widget elementor-widget-heading\" data-id=\"2d73e35\" data-element_type=\"widget\" data-e-type=\"widget\" data-settings=\"{&quot;_position&quot;:&quot;absolute&quot;}\" data-widget_type=\"heading.default\">\n\t\t\t\t\t<span class=\"elementor-heading-title elementor-size-default\">Gy\u00f3gytorna<\/span>\t\t\t\t<\/div>\n\t\t\t\t<\/div>\n\t\t\t\t\t<\/div>\n\t\t\t\t<\/div>\n\t\t<div class=\"elementor-element elementor-element-121aa4b elementor-hidden-desktop e-flex e-con-boxed e-con e-parent\" data-id=\"121aa4b\" data-element_type=\"container\" data-e-type=\"container\">\n\t\t\t\t\t<div class=\"e-con-inner\">\n\t\t<div class=\"elementor-element elementor-element-ec7b819 e-con-full e-flex e-con e-child\" data-id=\"ec7b819\" data-element_type=\"container\" data-e-type=\"container\">\n\t\t\t\t<div data-dce-title-color=\"#5AD9B0\" class=\"elementor-element elementor-element-692edf1 elementor-widget elementor-widget-heading\" data-id=\"692edf1\" data-element_type=\"widget\" data-e-type=\"widget\" data-widget_type=\"heading.default\">\n\t\t\t\t\t<p class=\"elementor-heading-title elementor-size-default\">Szem\u00e9lyre szabott figyelem<\/p>\t\t\t\t<\/div>\n\t\t\t\t<div class=\"elementor-element elementor-element-da7b80b elementor-widget elementor-widget-heading\" data-id=\"da7b80b\" data-element_type=\"widget\" data-e-type=\"widget\" data-widget_type=\"heading.default\">\n\t\t\t\t\t<h1 class=\"elementor-heading-title elementor-size-default\">G\u00e9pes pilates \u00f3r\u00e1k Budapesten<\/h1>\t\t\t\t<\/div>\n\t\t\t\t<div class=\"elementor-element elementor-element-0fde914 elementor-widget elementor-widget-text-editor\" data-id=\"0fde914\" data-element_type=\"widget\" data-e-type=\"widget\" data-widget_type=\"text-editor.default\">\n\t\t\t\t\t\t\t\t\t<p>Orvosi szeml\u00e9lettel, nemzetk\u00f6zi STOTT PILATES\u00ae m\u00f3dszerrel seg\u00edt\u00fcnk, hogy f\u00e1jdalom n\u00e9lk\u00fcl, biztons\u00e1gosan mozogj.<\/p>\t\t\t\t\t\t\t\t<\/div>\n\t\t<div class=\"elementor-element elementor-element-2a332a1 e-con-full e-flex e-con e-child\" data-id=\"2a332a1\" data-element_type=\"container\" data-e-type=\"container\">\n\t\t\t\t<div class=\"elementor-element elementor-element-0e8941e elementor-widget elementor-widget-button\" data-id=\"0e8941e\" data-element_type=\"widget\" data-e-type=\"widget\" data-widget_type=\"button.default\">\n\t\t\t\t\t\t\t\t\t\t<a class=\"elementor-button elementor-button-link elementor-size-sm\" href=\"#\">\n\t\t\t\t\t\t<span class=\"elementor-button-content-wrapper\">\n\t\t\t\t\t\t\t\t\t<span class=\"elementor-button-text\">Id\u0151pontot foglalok<\/span>\n\t\t\t\t\t<\/span>\n\t\t\t\t\t<\/a>\n\t\t\t\t\t\t\t\t<\/div>\n\t\t\t\t<div class=\"elementor-element elementor-element-463f2eb elementor-widget elementor-widget-button\" data-id=\"463f2eb\" data-element_type=\"widget\" data-e-type=\"widget\" data-widget_type=\"button.default\">\n\t\t\t\t\t\t\t\t\t\t<a class=\"elementor-button elementor-button-link elementor-size-sm\" href=\"#\">\n\t\t\t\t\t\t<span class=\"elementor-button-content-wrapper\">\n\t\t\t\t\t\t\t\t\t<span class=\"elementor-button-text\">\u00d3rat\u00edpusok<\/span>\n\t\t\t\t\t<\/span>\n\t\t\t\t\t<\/a>\n\t\t\t\t\t\t\t\t<\/div>\n\t\t\t\t<\/div>\n\t\t\t\t<\/div>\n\t\t<div class=\"elementor-element elementor-element-b13a94e e-con-full e-flex e-con e-child\" data-id=\"b13a94e\" data-element_type=\"container\" data-e-type=\"container\">\n\t\t\t\t<div data-dce-advanced-background-color=\"#F58B85\" class=\"elementor-element elementor-element-3eae104 elementor-widget__width-auto elementor-absolute elementor-widget elementor-widget-heading\" data-id=\"3eae104\" data-element_type=\"widget\" data-e-type=\"widget\" data-settings=\"{&quot;_position&quot;:&quot;absolute&quot;}\" data-widget_type=\"heading.default\">\n\t\t\t\t\t<span class=\"elementor-heading-title elementor-size-default\">Egy\u00e9ni \u00f3r\u00e1k<\/span>\t\t\t\t<\/div>\n\t\t\t\t<div data-dce-advanced-background-color=\"#F58B85\" class=\"elementor-element elementor-element-89a2a82 elementor-widget__width-auto elementor-absolute elementor-widget elementor-widget-heading\" data-id=\"89a2a82\" data-element_type=\"widget\" data-e-type=\"widget\" data-settings=\"{&quot;_position&quot;:&quot;absolute&quot;}\" data-widget_type=\"heading.default\">\n\t\t\t\t\t<span class=\"elementor-heading-title elementor-size-default\">Csoportos \u00f3r\u00e1k<\/span>\t\t\t\t<\/div>\n\t\t\t\t<div data-dce-advanced-background-color=\"#F58B85\" class=\"elementor-element elementor-element-f2e97c2 elementor-widget__width-auto elementor-absolute elementor-widget elementor-widget-heading\" data-id=\"f2e97c2\" data-element_type=\"widget\" data-e-type=\"widget\" data-settings=\"{&quot;_position&quot;:&quot;absolute&quot;}\" data-widget_type=\"heading.default\">\n\t\t\t\t\t<span class=\"elementor-heading-title elementor-size-default\">Gy\u00f3gytorna<\/span>\t\t\t\t<\/div>\n\t\t\t\t<div class=\"elementor-element elementor-element-4a8b354 elementor-widget elementor-widget-image\" data-id=\"4a8b354\" data-element_type=\"widget\" data-e-type=\"widget\" data-widget_type=\"image.default\">\n\t\t\t\t\t\t\t\t\t\t\t\t\t\t\t<img fetchpriority=\"high\" decoding=\"async\" width=\"800\" height=\"486\" src=\"https:\/\/pilates.webtastic.hu\/wp-content\/uploads\/2026\/04\/Gepes-pilates-Budapesten-\u2013-szemelyre-szabott-szakmai-alapokon-1024x622.webp\" class=\"attachment-large size-large wp-image-44\" alt=\"G\u00e9pes pilates Budapesten \u2013 szem\u00e9lyre szabott, szakmai alapokon\" srcset=\"https:\/\/pilates.webtastic.hu\/wp-content\/uploads\/2026\/04\/Gepes-pilates-Budapesten-\u2013-szemelyre-szabott-szakmai-alapokon-1024x622.webp 1024w, https:\/\/pilates.webtastic.hu\/wp-content\/uploads\/2026\/04\/Gepes-pilates-Budapesten-\u2013-szemelyre-szabott-szakmai-alapokon-300x182.webp 300w, https:\/\/pilates.webtastic.hu\/wp-content\/uploads\/2026\/04\/Gepes-pilates-Budapesten-\u2013-szemelyre-szabott-szakmai-alapokon-768x467.webp 768w, https:\/\/pilates.webtastic.hu\/wp-content\/uploads\/2026\/04\/Gepes-pilates-Budapesten-\u2013-szemelyre-szabott-szakmai-alapokon-1536x934.webp 1536w, https:\/\/pilates.webtastic.hu\/wp-content\/uploads\/2026\/04\/Gepes-pilates-Budapesten-\u2013-szemelyre-szabott-szakmai-alapokon.webp 1920w\" sizes=\"(max-width: 800px) 100vw, 800px\" \/>\t\t\t\t\t\t\t\t\t\t\t\t\t\t\t<\/div>\n\t\t\t\t<\/div>\n\t\t\t\t\t<\/div>\n\t\t\t\t<\/div>\n\t\t<div class=\"elementor-element elementor-element-6e6de42 e-flex e-con-boxed e-con e-parent\" data-id=\"6e6de42\" data-element_type=\"container\" data-e-type=\"container\">\n\t\t\t\t\t<div class=\"e-con-inner\">\n\t\t<div class=\"elementor-element elementor-element-2cf4736 e-grid e-con-full e-con e-child\" data-id=\"2cf4736\" data-element_type=\"container\" data-e-type=\"container\">\n\t\t\t\t<div class=\"elementor-element elementor-element-70ebd5f elementor-position-left elementor-vertical-align-middle elementor-widget elementor-widget-image-box\" data-id=\"70ebd5f\" data-element_type=\"widget\" data-e-type=\"widget\" data-widget_type=\"image-box.default\">\n\t\t\t\t\t<div class=\"elementor-image-box-wrapper\"><figure class=\"elementor-image-box-img\"><img decoding=\"async\" width=\"300\" height=\"300\" src=\"https:\/\/pilates.webtastic.hu\/wp-content\/uploads\/2026\/04\/Orvosi-hatter.webp\" class=\"attachment-full size-full wp-image-111\" alt=\"\" srcset=\"https:\/\/pilates.webtastic.hu\/wp-content\/uploads\/2026\/04\/Orvosi-hatter.webp 300w, https:\/\/pilates.webtastic.hu\/wp-content\/uploads\/2026\/04\/Orvosi-hatter-150x150.webp 150w\" sizes=\"(max-width: 300px) 100vw, 300px\" \/><\/figure><div class=\"elementor-image-box-content\"><h3 class=\"elementor-image-box-title\">Orvosi h\u00e1tt\u00e9r<\/h3><\/div><\/div>\t\t\t\t<\/div>\n\t\t\t\t<div class=\"elementor-element elementor-element-bba14c5 elementor-position-left elementor-vertical-align-middle elementor-widget elementor-widget-image-box\" data-id=\"bba14c5\" data-element_type=\"widget\" data-e-type=\"widget\" data-widget_type=\"image-box.default\">\n\t\t\t\t\t<div class=\"elementor-image-box-wrapper\"><figure class=\"elementor-image-box-img\"><img decoding=\"async\" width=\"300\" height=\"300\" src=\"https:\/\/pilates.webtastic.hu\/wp-content\/uploads\/2026\/04\/Egyeni-figyelem.webp\" class=\"attachment-full size-full wp-image-115\" alt=\"\" srcset=\"https:\/\/pilates.webtastic.hu\/wp-content\/uploads\/2026\/04\/Egyeni-figyelem.webp 300w, https:\/\/pilates.webtastic.hu\/wp-content\/uploads\/2026\/04\/Egyeni-figyelem-150x150.webp 150w\" sizes=\"(max-width: 300px) 100vw, 300px\" \/><\/figure><div class=\"elementor-image-box-content\"><h3 class=\"elementor-image-box-title\">Egy\u00e9ni figyelem<\/h3><\/div><\/div>\t\t\t\t<\/div>\n\t\t\t\t<div class=\"elementor-element elementor-element-b30174b elementor-position-left elementor-vertical-align-middle elementor-widget elementor-widget-image-box\" data-id=\"b30174b\" data-element_type=\"widget\" data-e-type=\"widget\" data-widget_type=\"image-box.default\">\n\t\t\t\t\t<div class=\"elementor-image-box-wrapper\"><figure class=\"elementor-image-box-img\"><img loading=\"lazy\" decoding=\"async\" width=\"300\" height=\"300\" src=\"https:\/\/pilates.webtastic.hu\/wp-content\/uploads\/2026\/04\/20-ev-tapasztalat.webp\" class=\"attachment-full size-full wp-image-114\" alt=\"\" srcset=\"https:\/\/pilates.webtastic.hu\/wp-content\/uploads\/2026\/04\/20-ev-tapasztalat.webp 300w, https:\/\/pilates.webtastic.hu\/wp-content\/uploads\/2026\/04\/20-ev-tapasztalat-150x150.webp 150w\" sizes=\"(max-width: 300px) 100vw, 300px\" \/><\/figure><div class=\"elementor-image-box-content\"><h3 class=\"elementor-image-box-title\">20+ \u00e9v tapasztalat<\/h3><\/div><\/div>\t\t\t\t<\/div>\n\t\t\t\t<div class=\"elementor-element elementor-element-2325f5e elementor-position-left elementor-vertical-align-middle elementor-widget elementor-widget-image-box\" data-id=\"2325f5e\" data-element_type=\"widget\" data-e-type=\"widget\" data-widget_type=\"image-box.default\">\n\t\t\t\t\t<div class=\"elementor-image-box-wrapper\"><figure class=\"elementor-image-box-img\"><img loading=\"lazy\" decoding=\"async\" width=\"300\" height=\"300\" src=\"https:\/\/pilates.webtastic.hu\/wp-content\/uploads\/2026\/04\/Tobbfele-pilates-gep.webp\" class=\"attachment-full size-full wp-image-113\" alt=\"\" srcset=\"https:\/\/pilates.webtastic.hu\/wp-content\/uploads\/2026\/04\/Tobbfele-pilates-gep.webp 300w, https:\/\/pilates.webtastic.hu\/wp-content\/uploads\/2026\/04\/Tobbfele-pilates-gep-150x150.webp 150w\" sizes=\"(max-width: 300px) 100vw, 300px\" \/><\/figure><div class=\"elementor-image-box-content\"><h3 class=\"elementor-image-box-title\">T\u00f6bbf\u00e9le g\u00e9p<\/h3><\/div><\/div>\t\t\t\t<\/div>\n\t\t\t\t<\/div>\n\t\t\t\t\t<\/div>\n\t\t\t\t<\/div>\n\t\t<div data-dce-background-overlay-color=\"#FFFFFF\" data-dce-background-image-url=\"https:\/\/pilates.webtastic.hu\/wp-content\/uploads\/2026\/04\/Egyeni-pilates-ora-Budapest.webp\" class=\"elementor-element elementor-element-d9945f3 elementor-hidden-tablet elementor-hidden-mobile e-flex e-con-boxed e-con e-parent\" data-id=\"d9945f3\" data-element_type=\"container\" data-e-type=\"container\" data-settings=\"{&quot;background_background&quot;:&quot;classic&quot;}\">\n\t\t\t\t\t<div class=\"e-con-inner\">\n\t\t<div class=\"elementor-element elementor-element-2a0f52d e-con-full e-flex e-con e-child\" data-id=\"2a0f52d\" data-element_type=\"container\" data-e-type=\"container\">\n\t\t\t\t<div class=\"elementor-element elementor-element-b10d7b9 elementor-widget elementor-widget-heading\" data-id=\"b10d7b9\" data-element_type=\"widget\" data-e-type=\"widget\" data-widget_type=\"heading.default\">\n\t\t\t\t\t<h1 class=\"elementor-heading-title elementor-size-default\">G\u00e9pes pilates \u00f3r\u00e1k Budapesten<\/h1>\t\t\t\t<\/div>\n\t\t\t\t<\/div>\n\t\t<div class=\"elementor-element elementor-element-8656452 e-con-full e-flex e-con e-child\" data-id=\"8656452\" data-element_type=\"container\" data-e-type=\"container\">\n\t\t\t\t<\/div>\n\t\t\t\t\t<\/div>\n\t\t\t\t<\/div>\n\t\t\t\t<\/div>\n\t\t","protected":false},"excerpt":{"rendered":"<p>Szem\u00e9lyre szabott figyelem G\u00e9pes pilates \u00f3r\u00e1k Budapesten Orvosi szeml\u00e9lettel, nemzetk\u00f6zi STOTT PILATES\u00ae m\u00f3dszerrel seg\u00edt\u00fcnk, hogy f\u00e1jdalom n\u00e9lk\u00fcl, biztons\u00e1gosan mozogj. Id\u0151pontot foglalok \u00d3rat\u00edpusok Egy\u00e9ni \u00f3r\u00e1k Csoportos \u00f3r\u00e1k Gy\u00f3gytorna Szem\u00e9lyre szabott figyelem G\u00e9pes pilates \u00f3r\u00e1k Budapesten Orvosi szeml\u00e9lettel, nemzetk\u00f6zi STOTT PILATES\u00ae m\u00f3dszerrel seg\u00edt\u00fcnk, hogy f\u00e1jdalom n\u00e9lk\u00fcl, biztons\u00e1gosan mozogj. Id\u0151pontot foglalok \u00d3rat\u00edpusok Egy\u00e9ni \u00f3r\u00e1k Csoportos \u00f3r\u00e1k Gy\u00f3gytorna Orvosi [&hellip;]<\/p>\n","protected":false},"author":1,"featured_media":0,"parent":0,"menu_order":0,"comment_status":"closed","ping_status":"closed","template":"","meta":{"footnotes":""},"class_list":["post-14","page","type-page","status-publish","hentry"],"_links":{"self":[{"href":"https:\/\/pilates.webtastic.hu\/index.php?rest_route=\/wp\/v2\/pages\/14","targetHints":{"allow":["GET"]}}],"collection":[{"href":"https:\/\/pilates.webtastic.hu\/index.php?rest_route=\/wp\/v2\/pages"}],"about":[{"href":"https:\/\/pilates.webtastic.hu\/index.php?rest_route=\/wp\/v2\/types\/page"}],"author":[{"embeddable":true,"href":"https:\/\/pilates.webtastic.hu\/index.php?rest_route=\/wp\/v2\/users\/1"}],"replies":[{"embeddable":true,"href":"https:\/\/pilates.webtastic.hu\/index.php?rest_route=%2Fwp%2Fv2%2Fcomments&post=14"}],"version-history":[{"count":41,"href":"https:\/\/pilates.webtastic.hu\/index.php?rest_route=\/wp\/v2\/pages\/14\/revisions"}],"predecessor-version":[{"id":121,"href":"https:\/\/pilates.webtastic.hu\/index.php?rest_route=\/wp\/v2\/pages\/14\/revisions\/121"}],"wp:attachment":[{"href":"https:\/\/pilates.webtastic.hu\/index.php?rest_route=%2Fwp%2Fv2%2Fmedia&parent=14"}],"curies":[{"name":"wp","href":"https:\/\/api.w.org\/{rel}","templated":true}]}}